{"id":3,"date":"2025-07-17T00:20:31","date_gmt":"2025-07-16T22:20:31","guid":{"rendered":"https:\/\/celinesapinho.fr\/?page_id=3"},"modified":"2025-11-04T14:13:58","modified_gmt":"2025-11-04T13:13:58","slug":"politique-de-confidentialite","status":"publish","type":"page","link":"https:\/\/celinesapinho.fr\/en\/politique-de-confidentialite\/","title":{"rendered":"Privacy policy"},"content":{"rendered":"<div data-elementor-type=\"wp-page\" data-elementor-id=\"3\" class=\"elementor elementor-3\">\n\t\t\t\t<div class=\"elementor-element elementor-element-d495e44 e-flex e-con-boxed e-con e-parent\" data-id=\"d495e44\" data-element_type=\"container\">\n\t\t\t\t\t<div class=\"e-con-inner\">\n\t\t\t\t<div class=\"elementor-element elementor-element-157b5585 elementor-widget elementor-widget-text-editor\" data-id=\"157b5585\" data-element_type=\"widget\" data-widget_type=\"text-editor.default\">\n\t\t\t\t\t\t\t\t\t<p><\/p>\n<h2 class=\"wp-block-heading\" data-start=\"263\" data-end=\"294\">Privacy policy<\/h2>\n<p data-start=\"296\" data-end=\"336\"><strong data-start=\"296\" data-end=\"336\">Derni\u00e8re mise \u00e0 jour : [22\/07\/25]<\/strong><\/p>\n<p data-start=\"338\" data-end=\"611\">Chez <strong data-start=\"343\" data-end=\"361\">C\u00e9line Sapinho<\/strong>, la protection de vos donn\u00e9es personnelles est essentielle. Cette politique a pour but de vous expliquer quelles donn\u00e9es sont collect\u00e9es via le site <a class=\"\" href=\"https:\/\/celinesapinho.fr\/en\/\" target=\"_new\" rel=\"noopener\" data-start=\"511\" data-end=\"555\">celinesapinho.fr<\/a>, comment elles sont utilis\u00e9es et quels sont vos droits.<\/p>\n<hr data-start=\"613\" data-end=\"616\">\n<h3 data-start=\"618\" data-end=\"650\">1. Responsable du traitement<\/h3>\n<p data-start=\"652\" data-end=\"740\"><strong data-start=\"652\" data-end=\"670\">C\u00e9line Sapinho<\/strong><br data-start=\"670\" data-end=\"673\">Email : <a class=\"cursor-pointer\" rel=\"noopener\" data-start=\"681\" data-end=\"740\">contact@celinesapinho.fr<\/a><\/p>\n<hr data-start=\"742\" data-end=\"745\">\n<h3 data-start=\"747\" data-end=\"772\">2. Donn\u00e9es collect\u00e9es<\/h3>\n<p data-start=\"774\" data-end=\"855\">Nous ne collectons des donn\u00e9es personnelles <strong data-start=\"818\" data-end=\"854\">que via le formulaire de contact<\/strong>.<\/p>\n<p data-start=\"857\" data-end=\"897\">Les donn\u00e9es collect\u00e9es peuvent inclure :<\/p>\n<ul data-start=\"898\" data-end=\"972\">\n<li data-start=\"898\" data-end=\"913\">\n<p data-start=\"900\" data-end=\"913\">Nom et pr\u00e9nom<\/p>\n<\/li>\n<li data-start=\"914\" data-end=\"930\">\n<p data-start=\"916\" data-end=\"930\">Adresse e-mail<\/p>\n<\/li>\n<li data-start=\"931\" data-end=\"956\">\n<p data-start=\"933\" data-end=\"956\">Soci\u00e9t\u00e9 (si renseign\u00e9e)<\/p>\n<\/li>\n<li data-start=\"957\" data-end=\"972\">\n<p data-start=\"959\" data-end=\"972\">Message libre<\/p>\n<\/li>\n<\/ul>\n<hr data-start=\"974\" data-end=\"977\">\n<h3 data-start=\"979\" data-end=\"1009\">3. Finalit\u00e9s du traitement<\/h3>\n<p data-start=\"1011\" data-end=\"1058\">Ces donn\u00e9es sont utilis\u00e9es exclusivement pour :<\/p>\n<ul data-start=\"1059\" data-end=\"1188\">\n<li data-start=\"1059\" data-end=\"1084\">\n<p data-start=\"1061\" data-end=\"1084\">R\u00e9pondre \u00e0 vos demandes<\/p>\n<\/li>\n<li data-start=\"1085\" data-end=\"1140\">\n<p data-start=\"1087\" data-end=\"1140\">\u00c9changer dans le cadre d\u2019une relation professionnelle<\/p>\n<\/li>\n<li data-start=\"1141\" data-end=\"1188\">\n<p data-start=\"1143\" data-end=\"1188\">Am\u00e9liorer notre communication et nos services<\/p>\n<\/li>\n<\/ul>\n<p data-start=\"1190\" data-end=\"1280\">Aucune donn\u00e9e n\u2019est utilis\u00e9e \u00e0 des fins commerciales non sollicit\u00e9es ou c\u00e9d\u00e9e \u00e0 des tiers.<\/p>\n<hr data-start=\"1282\" data-end=\"1285\">\n<h3 data-start=\"1287\" data-end=\"1320\">4. Cookies et outils de suivi<\/h3>\n<p data-start=\"1322\" data-end=\"1442\">Le site utilise des <strong data-start=\"1342\" data-end=\"1353\">cookies<\/strong> et des outils de suivi \u00e0 des fins de performance, de mesure d\u2019audience et de marketing :<\/p>\n<ul data-start=\"1444\" data-end=\"1632\">\n<li data-start=\"1444\" data-end=\"1486\">\n<p data-start=\"1446\" data-end=\"1486\"><strong data-start=\"1446\" data-end=\"1466\">Google Analytics<\/strong> : mesure d\u2019audience<\/p>\n<\/li>\n<li data-start=\"1487\" data-end=\"1529\">\n<p data-start=\"1489\" data-end=\"1529\"><strong data-start=\"1489\" data-end=\"1503\">Google Ads<\/strong> : campagnes publicitaires<\/p>\n<\/li>\n<li data-start=\"1530\" data-end=\"1574\">\n<p data-start=\"1532\" data-end=\"1574\"><strong data-start=\"1532\" data-end=\"1550\">Facebook Pixel<\/strong> : suivi des conversions<\/p>\n<\/li>\n<li data-start=\"1575\" data-end=\"1632\">\n<p data-start=\"1577\" data-end=\"1632\"><strong data-start=\"1577\" data-end=\"1601\">Yoast SEO &amp; Site Kit<\/strong> : performance SEO et technique<\/p>\n<\/li>\n<\/ul>\n<p data-start=\"1634\" data-end=\"1730\">Vous pouvez g\u00e9rer votre consentement via le bandeau cookies affich\u00e9 \u00e0 votre arriv\u00e9e sur le site.<\/p>\n<hr data-start=\"1732\" data-end=\"1735\">\n<h3 data-start=\"1737\" data-end=\"1769\">5. Destinataires des donn\u00e9es<\/h3>\n<p data-start=\"1771\" data-end=\"1816\">Les donn\u00e9es sont exclusivement trait\u00e9es par :<\/p>\n<ul data-start=\"1817\" data-end=\"1969\">\n<li data-start=\"1817\" data-end=\"1837\">\n<p data-start=\"1819\" data-end=\"1837\"><strong data-start=\"1819\" data-end=\"1837\">C\u00e9line Sapinho<\/strong><\/p>\n<\/li>\n<li data-start=\"1838\" data-end=\"1969\">\n<p data-start=\"1840\" data-end=\"1969\">Les services tiers mentionn\u00e9s ci-dessus (Google, Facebook), dans le cadre strict de leur politique de confidentialit\u00e9 respective.<\/p>\n<\/li>\n<\/ul>\n<p data-start=\"1971\" data-end=\"2037\">Aucune donn\u00e9e n\u2019est vendue ou transmise \u00e0 des tiers non autoris\u00e9s.<\/p>\n<hr data-start=\"2039\" data-end=\"2042\">\n<h3 data-start=\"2044\" data-end=\"2072\">6. Dur\u00e9e de conservation<\/h3>\n<ul data-start=\"2074\" data-end=\"2206\">\n<li data-start=\"2074\" data-end=\"2144\">\n<p data-start=\"2076\" data-end=\"2144\">Donn\u00e9es du formulaire : <strong data-start=\"2100\" data-end=\"2119\">jusqu\u2019\u00e0 12 mois<\/strong> apr\u00e8s le dernier \u00e9change<\/p>\n<\/li>\n<li data-start=\"2145\" data-end=\"2206\">\n<p data-start=\"2147\" data-end=\"2206\">Cookies : <strong data-start=\"2157\" data-end=\"2176\">jusqu\u2019\u00e0 13 mois<\/strong> maximum (selon leur finalit\u00e9)<\/p>\n<\/li>\n<\/ul>\n<hr data-start=\"2208\" data-end=\"2211\">\n<h3 data-start=\"2213\" data-end=\"2228\">7. S\u00e9curit\u00e9<\/h3>\n<p data-start=\"2230\" data-end=\"2337\">Toutes les mesures n\u00e9cessaires sont prises pour garantir la confidentialit\u00e9 et la s\u00e9curit\u00e9 de vos donn\u00e9es :<\/p>\n<ul data-start=\"2338\" data-end=\"2414\">\n<li data-start=\"2338\" data-end=\"2360\">\n<p data-start=\"2340\" data-end=\"2360\">H\u00e9bergement s\u00e9curis\u00e9<\/p>\n<\/li>\n<li data-start=\"2361\" data-end=\"2384\">\n<p data-start=\"2363\" data-end=\"2384\">Connexion HTTPS (SSL)<\/p>\n<\/li>\n<li data-start=\"2385\" data-end=\"2414\">\n<p data-start=\"2387\" data-end=\"2414\">Acc\u00e8s restreint aux donn\u00e9es<\/p>\n<\/li>\n<\/ul>\n<hr data-start=\"2416\" data-end=\"2419\">\n<h3 data-start=\"2421\" data-end=\"2438\">8. Vos droits<\/h3>\n<p data-start=\"2440\" data-end=\"2547\">Conform\u00e9ment au R\u00e8glement G\u00e9n\u00e9ral sur la Protection des Donn\u00e9es (RGPD), vous disposez des droits suivants :<\/p>\n<ul data-start=\"2548\" data-end=\"2723\">\n<li data-start=\"2548\" data-end=\"2612\">\n<p data-start=\"2550\" data-end=\"2612\">Droit d\u2019acc\u00e8s, de rectification ou d\u2019effacement de vos donn\u00e9es<\/p>\n<\/li>\n<li data-start=\"2613\" data-end=\"2668\">\n<p data-start=\"2615\" data-end=\"2668\">Droit \u00e0 la limitation ou \u00e0 l\u2019opposition du traitement<\/p>\n<\/li>\n<li data-start=\"2669\" data-end=\"2723\">\n<p data-start=\"2671\" data-end=\"2723\">Droit d\u2019introduire une r\u00e9clamation aupr\u00e8s de la CNIL<\/p>\n<\/li>\n<\/ul>\n<p data-start=\"2725\" data-end=\"2850\">Pour exercer vos droits, vous pouvez nous contacter \u00e0 l\u2019adresse : <a class=\"cursor-pointer\" rel=\"noopener\" data-start=\"2791\" data-end=\"2850\">contact@celinesapinho.fr<\/a><\/p>\n<hr data-start=\"2852\" data-end=\"2855\">\n<h3 data-start=\"2857\" data-end=\"2877\">9. Modifications<\/h3>\n<p data-start=\"2879\" data-end=\"3011\">Cette politique de confidentialit\u00e9 est susceptible d\u2019\u00eatre mise \u00e0 jour. La version en vigueur est toujours accessible sur cette page.<\/p>\n<hr data-start=\"3013\" data-end=\"3016\">\n<p data-start=\"3018\" data-end=\"3043\">\n<\/p>\t\t\t\t\t\t\t\t<\/div>\n\t\t\t\t\t<\/div>\n\t\t\t\t<\/div>\n\t\t\t\t<\/div>","protected":false},"excerpt":{"rendered":"<p>Politique de confidentialit\u00e9 Derni\u00e8re mise \u00e0 jour : [22\/07\/25] Chez C\u00e9line Sapinho, la protection de vos donn\u00e9es personnelles est essentielle. Cette politique a pour but de vous expliquer quelles donn\u00e9es sont collect\u00e9es via le site celinesapinho.fr, comment elles sont utilis\u00e9es et quels sont vos droits. 1. Responsable du traitement C\u00e9line SapinhoEmail : contact@celinesapinho.fr 2. Donn\u00e9es [&hellip;]<\/p>","protected":false},"author":1,"featured_media":0,"parent":0,"menu_order":0,"comment_status":"closed","ping_status":"open","template":"","meta":{"footnotes":""},"class_list":["post-3","page","type-page","status-publish","hentry"],"blocksy_meta":[],"yoast_head":"<!-- This site is optimized with the Yoast SEO plugin v26.3 - https:\/\/yoast.com\/wordpress\/plugins\/seo\/ -->\n<title>Politique de confidentialit\u00e9 \u2013 Services et Solutions SEO\uff5cCeline Sapinho<\/title>\n<meta name=\"description\" content=\"Politique de confidentialit\u00e9 expliquant comment vos donn\u00e9es sont prot\u00e9g\u00e9es lors de l\u2019utilisation de nos services et solutions d\u2019optimisation SEO.\" \/>\n<meta name=\"robots\" content=\"index, follow, max-snippet:-1, max-image-preview:large, max-video-preview:-1\" \/>\n<link rel=\"canonical\" href=\"https:\/\/celinesapinho.fr\/en\/politique-de-confidentialite\/\" \/>\n<meta property=\"og:locale\" content=\"en_US\" \/>\n<meta property=\"og:type\" content=\"article\" \/>\n<meta property=\"og:title\" content=\"Politique de confidentialit\u00e9 \u2013 Services et Solutions SEO\uff5cCeline Sapinho\" \/>\n<meta property=\"og:description\" content=\"Politique de confidentialit\u00e9 expliquant comment vos donn\u00e9es sont prot\u00e9g\u00e9es lors de l\u2019utilisation de nos services et solutions d\u2019optimisation SEO.\" \/>\n<meta property=\"og:url\" content=\"https:\/\/celinesapinho.fr\/en\/politique-de-confidentialite\/\" \/>\n<meta property=\"og:site_name\" content=\"Celine Sapinho\" \/>\n<meta property=\"article:modified_time\" content=\"2025-11-04T13:13:58+00:00\" \/>\n<meta property=\"og:image\" content=\"https:\/\/celinesapinho.fr\/wp-content\/uploads\/2025\/07\/Logo_final.png\" \/>\n\t<meta property=\"og:image:width\" content=\"2000\" \/>\n\t<meta property=\"og:image:height\" content=\"1193\" \/>\n\t<meta property=\"og:image:type\" content=\"image\/png\" \/>\n<meta name=\"twitter:card\" content=\"summary_large_image\" \/>\n<meta name=\"twitter:label1\" content=\"Est. reading time\" \/>\n\t<meta name=\"twitter:data1\" content=\"2 minutes\" \/>\n<script type=\"application\/ld+json\" class=\"yoast-schema-graph\">{\"@context\":\"https:\/\/schema.org\",\"@graph\":[{\"@type\":\"WebPage\",\"@id\":\"https:\/\/celinesapinho.fr\/politique-de-confidentialite\/\",\"url\":\"https:\/\/celinesapinho.fr\/politique-de-confidentialite\/\",\"name\":\"Politique de confidentialit\u00e9 \u2013 Services et Solutions SEO\uff5cCeline Sapinho\",\"isPartOf\":{\"@id\":\"https:\/\/celinesapinho.fr\/#website\"},\"datePublished\":\"2025-07-16T22:20:31+00:00\",\"dateModified\":\"2025-11-04T13:13:58+00:00\",\"description\":\"Politique de confidentialit\u00e9 expliquant comment vos donn\u00e9es sont prot\u00e9g\u00e9es lors de l\u2019utilisation de nos services et solutions d\u2019optimisation SEO.\",\"breadcrumb\":{\"@id\":\"https:\/\/celinesapinho.fr\/politique-de-confidentialite\/#breadcrumb\"},\"inLanguage\":\"en-US\",\"potentialAction\":[{\"@type\":\"ReadAction\",\"target\":[\"https:\/\/celinesapinho.fr\/politique-de-confidentialite\/\"]}]},{\"@type\":\"BreadcrumbList\",\"@id\":\"https:\/\/celinesapinho.fr\/politique-de-confidentialite\/#breadcrumb\",\"itemListElement\":[{\"@type\":\"ListItem\",\"position\":1,\"name\":\"Accueil\",\"item\":\"https:\/\/celinesapinho.fr\/\"},{\"@type\":\"ListItem\",\"position\":2,\"name\":\"Politique de confidentialit\u00e9\"}]},{\"@type\":\"WebSite\",\"@id\":\"https:\/\/celinesapinho.fr\/#website\",\"url\":\"https:\/\/celinesapinho.fr\/\",\"name\":\"Celine Sapinho\",\"description\":\"Consultante SEO freelance \u2013 Audit, accompagnement et visibilit\u00e9 web\",\"publisher\":{\"@id\":\"https:\/\/celinesapinho.fr\/#organization\"},\"potentialAction\":[{\"@type\":\"SearchAction\",\"target\":{\"@type\":\"EntryPoint\",\"urlTemplate\":\"https:\/\/celinesapinho.fr\/?s={search_term_string}\"},\"query-input\":{\"@type\":\"PropertyValueSpecification\",\"valueRequired\":true,\"valueName\":\"search_term_string\"}}],\"inLanguage\":\"en-US\"},{\"@type\":\"Organization\",\"@id\":\"https:\/\/celinesapinho.fr\/#organization\",\"name\":\"Celine Sapinho\",\"url\":\"https:\/\/celinesapinho.fr\/\",\"logo\":{\"@type\":\"ImageObject\",\"inLanguage\":\"en-US\",\"@id\":\"https:\/\/celinesapinho.fr\/#\/schema\/logo\/image\/\",\"url\":\"https:\/\/celinesapinho.fr\/wp-content\/uploads\/2025\/07\/Logo-1.png\",\"contentUrl\":\"https:\/\/celinesapinho.fr\/wp-content\/uploads\/2025\/07\/Logo-1.png\",\"width\":2000,\"height\":1193,\"caption\":\"Celine Sapinho\"},\"image\":{\"@id\":\"https:\/\/celinesapinho.fr\/#\/schema\/logo\/image\/\"},\"sameAs\":[\"https:\/\/www.linkedin.com\/in\/celine-sapinho-09993313b\/\"]}]}<\/script>\n<!-- \/ Yoast SEO plugin. -->","yoast_head_json":{"title":"Politique de confidentialit\u00e9 \u2013 Services et Solutions SEO\uff5cCeline Sapinho","description":"Politique de confidentialit\u00e9 expliquant comment vos donn\u00e9es sont prot\u00e9g\u00e9es lors de l\u2019utilisation de nos services et solutions d\u2019optimisation SEO.","robots":{"index":"index","follow":"follow","max-snippet":"max-snippet:-1","max-image-preview":"max-image-preview:large","max-video-preview":"max-video-preview:-1"},"canonical":"https:\/\/celinesapinho.fr\/en\/politique-de-confidentialite\/","og_locale":"en_US","og_type":"article","og_title":"Politique de confidentialit\u00e9 \u2013 Services et Solutions SEO\uff5cCeline Sapinho","og_description":"Politique de confidentialit\u00e9 expliquant comment vos donn\u00e9es sont prot\u00e9g\u00e9es lors de l\u2019utilisation de nos services et solutions d\u2019optimisation SEO.","og_url":"https:\/\/celinesapinho.fr\/en\/politique-de-confidentialite\/","og_site_name":"Celine Sapinho","article_modified_time":"2025-11-04T13:13:58+00:00","og_image":[{"width":2000,"height":1193,"url":"https:\/\/celinesapinho.fr\/wp-content\/uploads\/2025\/07\/Logo_final.png","type":"image\/png"}],"twitter_card":"summary_large_image","twitter_misc":{"Est. reading time":"2 minutes"},"schema":{"@context":"https:\/\/schema.org","@graph":[{"@type":"WebPage","@id":"https:\/\/celinesapinho.fr\/politique-de-confidentialite\/","url":"https:\/\/celinesapinho.fr\/politique-de-confidentialite\/","name":"Politique de confidentialit\u00e9 \u2013 Services et Solutions SEO\uff5cCeline Sapinho","isPartOf":{"@id":"https:\/\/celinesapinho.fr\/#website"},"datePublished":"2025-07-16T22:20:31+00:00","dateModified":"2025-11-04T13:13:58+00:00","description":"Politique de confidentialit\u00e9 expliquant comment vos donn\u00e9es sont prot\u00e9g\u00e9es lors de l\u2019utilisation de nos services et solutions d\u2019optimisation SEO.","breadcrumb":{"@id":"https:\/\/celinesapinho.fr\/politique-de-confidentialite\/#breadcrumb"},"inLanguage":"en-US","potentialAction":[{"@type":"ReadAction","target":["https:\/\/celinesapinho.fr\/politique-de-confidentialite\/"]}]},{"@type":"BreadcrumbList","@id":"https:\/\/celinesapinho.fr\/politique-de-confidentialite\/#breadcrumb","itemListElement":[{"@type":"ListItem","position":1,"name":"Accueil","item":"https:\/\/celinesapinho.fr\/"},{"@type":"ListItem","position":2,"name":"Politique de confidentialit\u00e9"}]},{"@type":"WebSite","@id":"https:\/\/celinesapinho.fr\/#website","url":"https:\/\/celinesapinho.fr\/","name":"Celine Sapinho","description":"Consultante SEO freelance \u2013 Audit, accompagnement et visibilit\u00e9 web","publisher":{"@id":"https:\/\/celinesapinho.fr\/#organization"},"potentialAction":[{"@type":"SearchAction","target":{"@type":"EntryPoint","urlTemplate":"https:\/\/celinesapinho.fr\/?s={search_term_string}"},"query-input":{"@type":"PropertyValueSpecification","valueRequired":true,"valueName":"search_term_string"}}],"inLanguage":"en-US"},{"@type":"Organization","@id":"https:\/\/celinesapinho.fr\/#organization","name":"Celine Sapinho","url":"https:\/\/celinesapinho.fr\/","logo":{"@type":"ImageObject","inLanguage":"en-US","@id":"https:\/\/celinesapinho.fr\/#\/schema\/logo\/image\/","url":"https:\/\/celinesapinho.fr\/wp-content\/uploads\/2025\/07\/Logo-1.png","contentUrl":"https:\/\/celinesapinho.fr\/wp-content\/uploads\/2025\/07\/Logo-1.png","width":2000,"height":1193,"caption":"Celine Sapinho"},"image":{"@id":"https:\/\/celinesapinho.fr\/#\/schema\/logo\/image\/"},"sameAs":["https:\/\/www.linkedin.com\/in\/celine-sapinho-09993313b\/"]}]}},"_links":{"self":[{"href":"https:\/\/celinesapinho.fr\/en\/wp-json\/wp\/v2\/pages\/3","targetHints":{"allow":["GET"]}}],"collection":[{"href":"https:\/\/celinesapinho.fr\/en\/wp-json\/wp\/v2\/pages"}],"about":[{"href":"https:\/\/celinesapinho.fr\/en\/wp-json\/wp\/v2\/types\/page"}],"author":[{"embeddable":true,"href":"https:\/\/celinesapinho.fr\/en\/wp-json\/wp\/v2\/users\/1"}],"replies":[{"embeddable":true,"href":"https:\/\/celinesapinho.fr\/en\/wp-json\/wp\/v2\/comments?post=3"}],"version-history":[{"count":4,"href":"https:\/\/celinesapinho.fr\/en\/wp-json\/wp\/v2\/pages\/3\/revisions"}],"predecessor-version":[{"id":2097,"href":"https:\/\/celinesapinho.fr\/en\/wp-json\/wp\/v2\/pages\/3\/revisions\/2097"}],"wp:attachment":[{"href":"https:\/\/celinesapinho.fr\/en\/wp-json\/wp\/v2\/media?parent=3"}],"curies":[{"name":"wp","href":"https:\/\/api.w.org\/{rel}","templated":true}]}}