{"id":2362,"date":"2025-09-16T17:51:41","date_gmt":"2025-09-16T15:51:41","guid":{"rendered":"https:\/\/celinesapinho.fr\/?page_id=2362"},"modified":"2025-11-04T14:13:24","modified_gmt":"2025-11-04T13:13:24","slug":"plan-de-site","status":"publish","type":"page","link":"https:\/\/celinesapinho.fr\/en\/plan-de-site\/","title":{"rendered":"Site map"},"content":{"rendered":"<p>Ce plan du site regroupe toutes les pages principales et les articles de blog pour naviguer facilement. Vous y trouverez mes services SEO, mes projets, ainsi que mes conseils publi\u00e9s sur le blog.<\/p>\n\n\n\n<blockquote class=\"wp-block-quote is-layout-flow wp-block-quote-is-layout-flow\">\n<h2 class=\"wp-block-heading\">Pages principales<\/h2>\n<\/blockquote>\n\n\n\n<p><a href=\"https:\/\/celinesapinho.fr\/en\/\">Accueil<\/a> \u2192 <em>Freelance SEO consultant<\/em><\/p>\n\n\n\n<p><a href=\"https:\/\/celinesapinho.fr\/en\/solutions\/\">Solutions<\/a> \u2192 <em>Accompagnement SEO<\/em><\/p>\n\n\n\n<p><a href=\"https:\/\/celinesapinho.fr\/en\/projets\/\">Projects<\/a> \u2192 <em>Services SEO et r\u00e9sultats obtenus<\/em><\/p>\n\n\n\n<p><a href=\"https:\/\/celinesapinho.fr\/en\/blog\/\">Blog<\/a> \u2192 <em>Blog SEO Corse<\/em><\/p>\n\n\n\n<blockquote class=\"wp-block-quote is-layout-flow wp-block-quote-is-layout-flow\">\n<h2 class=\"wp-block-heading\">Articles de blog<\/h2>\n<\/blockquote>\n\n\n\n<p><a href=\"https:\/\/celinesapinho.fr\/en\/comment-indexer-site-google\/\">Comment indexer un site sur Google<\/a> : Guide essentiel et astuces pour faciliter l&rsquo;indexation de votre site<\/p>\n\n\n\n<p><a href=\"https:\/\/celinesapinho.fr\/en\/erreurs-seo\/\">Erreurs SEO \u00e0 \u00e9viter absolument<\/a> : Evitez les erreurs et boostez la visibilit\u00e9 de votre site<\/p>\n\n\n\n<p><a href=\"https:\/\/celinesapinho.fr\/en\/maillage-interne-seo\/\">Maillage interne SEO<\/a> : Comment optimiser vos pages pour un meilleur r\u00e9f\u00e9rencement naturel ? <\/p>\n\n\n\n<p><a href=\"https:\/\/celinesapinho.fr\/en\/strategie-contenu-seo\/\">Strat\u00e9gie de contenu SEO<\/a> : Construire une strat\u00e9gie de contenu SEO efficace \u00e9tape par \u00e9tape<\/p>\n\n\n\n<p><em><a href=\"https:\/\/celinesapinho.fr\/en\/seo-corse\/\">SEO en Corse<\/a> : un levier de croissance pour le tourisme et les entreprises locales<\/em><\/p>\n\n\n\n<p><em><a href=\"https:\/\/celinesapinho.fr\/en\/audit-seo-pre-audit\/\">Audit et Pr\u00e9-audit SEO<\/a> : deux leviers pour piloter votre visibilit\u00e9<\/em><\/p>\n\n\n\n<p><em><a href=\"https:\/\/celinesapinho.fr\/en\/referencement-wordpress-google\/\">R\u00e9f\u00e9rencement WordPress Google<\/a> : Comment am\u00e9liorer le r\u00e9f\u00e9rencement de votre site wordpress sur Google ? <\/em><\/p>\n\n\n\n<p><em><a href=\"https:\/\/celinesapinho.fr\/en\/optimisation-seo-site\/\">Optimisation SEO de site<\/a> : Allier technique et contenu<\/em> pour gagner en visibilit\u00e9<\/p>\n\n\n\n<p><em><a href=\"https:\/\/celinesapinho.fr\/en\/freelance-seo\/\">Freelance SEO<\/a> : Pourquoi faire appel \u00e0 un Freelance pour votre entreprise ? <\/em><\/p>\n\n\n\n<blockquote class=\"wp-block-quote is-layout-flow wp-block-quote-is-layout-flow\">\n<h2 class=\"wp-block-heading\">Utiles<\/h2>\n<\/blockquote>\n\n\n\n<p><a href=\"https:\/\/celinesapinho.fr\/en\/contact\/\">Contact<\/a> \u2192 <em>Contact SEO freelance en Corse<\/em><\/p>\n\n\n\n<p><a href=\"https:\/\/celinesapinho.fr\/en\/politique-de-confidentialite\/\">Privacy policy<\/a> \u2192 En savoir plus sur la gestion des donn\u00e9es<\/p>","protected":false},"excerpt":{"rendered":"<p>Ce plan du site regroupe toutes les pages principales et les articles de blog pour naviguer facilement. Vous y trouverez mes services SEO, mes projets, ainsi que mes conseils publi\u00e9s sur le blog. Pages principales Accueil \u2192 Consultante SEO freelance Solutions \u2192 Accompagnement SEO Projets \u2192 Services SEO et r\u00e9sultats obtenus Blog \u2192 Blog SEO [&hellip;]<\/p>","protected":false},"author":1,"featured_media":0,"parent":0,"menu_order":0,"comment_status":"closed","ping_status":"closed","template":"","meta":{"footnotes":""},"class_list":["post-2362","page","type-page","status-publish","hentry"],"blocksy_meta":[],"yoast_head":"<!-- This site is optimized with the Yoast SEO plugin v26.3 - https:\/\/yoast.com\/wordpress\/plugins\/seo\/ -->\n<title>Plan de site : Consultante R\u00e9f\u00e9rencement Naturel (SEO)\uff5cCeline Sapinho<\/title>\n<meta name=\"description\" content=\"Retrouvez en un clic toutes les pages principales de mon site web : services SEO, accompagnements, projets, contact et articles du blog SEO.\" \/>\n<meta name=\"robots\" content=\"index, follow, max-snippet:-1, max-image-preview:large, max-video-preview:-1\" \/>\n<link rel=\"canonical\" href=\"https:\/\/celinesapinho.fr\/en\/plan-de-site\/\" \/>\n<meta property=\"og:locale\" content=\"en_US\" \/>\n<meta property=\"og:type\" content=\"article\" \/>\n<meta property=\"og:title\" content=\"Plan de site : Consultante R\u00e9f\u00e9rencement Naturel (SEO)\uff5cCeline Sapinho\" \/>\n<meta property=\"og:description\" content=\"Retrouvez en un clic toutes les pages principales de mon site web : services SEO, accompagnements, projets, contact et articles du blog SEO.\" \/>\n<meta property=\"og:url\" content=\"https:\/\/celinesapinho.fr\/en\/plan-de-site\/\" \/>\n<meta property=\"og:site_name\" content=\"Celine Sapinho\" \/>\n<meta property=\"article:modified_time\" content=\"2025-11-04T13:13:24+00:00\" \/>\n<meta property=\"og:image\" content=\"https:\/\/celinesapinho.fr\/wp-content\/uploads\/2025\/07\/Logo_final.png\" \/>\n\t<meta property=\"og:image:width\" content=\"2000\" \/>\n\t<meta property=\"og:image:height\" content=\"1193\" \/>\n\t<meta property=\"og:image:type\" content=\"image\/png\" \/>\n<meta name=\"twitter:card\" content=\"summary_large_image\" \/>\n<meta name=\"twitter:label1\" content=\"Est. reading time\" \/>\n\t<meta name=\"twitter:data1\" content=\"1 minute\" \/>\n<script type=\"application\/ld+json\" class=\"yoast-schema-graph\">{\"@context\":\"https:\/\/schema.org\",\"@graph\":[{\"@type\":\"WebPage\",\"@id\":\"https:\/\/celinesapinho.fr\/plan-de-site\/\",\"url\":\"https:\/\/celinesapinho.fr\/plan-de-site\/\",\"name\":\"Plan de site : Consultante R\u00e9f\u00e9rencement Naturel (SEO)\uff5cCeline Sapinho\",\"isPartOf\":{\"@id\":\"https:\/\/celinesapinho.fr\/#website\"},\"datePublished\":\"2025-09-16T15:51:41+00:00\",\"dateModified\":\"2025-11-04T13:13:24+00:00\",\"description\":\"Retrouvez en un clic toutes les pages principales de mon site web : services SEO, accompagnements, projets, contact et articles du blog SEO.\",\"breadcrumb\":{\"@id\":\"https:\/\/celinesapinho.fr\/plan-de-site\/#breadcrumb\"},\"inLanguage\":\"en-US\",\"potentialAction\":[{\"@type\":\"ReadAction\",\"target\":[\"https:\/\/celinesapinho.fr\/plan-de-site\/\"]}]},{\"@type\":\"BreadcrumbList\",\"@id\":\"https:\/\/celinesapinho.fr\/plan-de-site\/#breadcrumb\",\"itemListElement\":[{\"@type\":\"ListItem\",\"position\":1,\"name\":\"Accueil\",\"item\":\"https:\/\/celinesapinho.fr\/\"},{\"@type\":\"ListItem\",\"position\":2,\"name\":\"Plan de site\"}]},{\"@type\":\"WebSite\",\"@id\":\"https:\/\/celinesapinho.fr\/#website\",\"url\":\"https:\/\/celinesapinho.fr\/\",\"name\":\"Celine Sapinho\",\"description\":\"Consultante SEO freelance \u2013 Audit, accompagnement et visibilit\u00e9 web\",\"publisher\":{\"@id\":\"https:\/\/celinesapinho.fr\/#organization\"},\"potentialAction\":[{\"@type\":\"SearchAction\",\"target\":{\"@type\":\"EntryPoint\",\"urlTemplate\":\"https:\/\/celinesapinho.fr\/?s={search_term_string}\"},\"query-input\":{\"@type\":\"PropertyValueSpecification\",\"valueRequired\":true,\"valueName\":\"search_term_string\"}}],\"inLanguage\":\"en-US\"},{\"@type\":\"Organization\",\"@id\":\"https:\/\/celinesapinho.fr\/#organization\",\"name\":\"Celine Sapinho\",\"url\":\"https:\/\/celinesapinho.fr\/\",\"logo\":{\"@type\":\"ImageObject\",\"inLanguage\":\"en-US\",\"@id\":\"https:\/\/celinesapinho.fr\/#\/schema\/logo\/image\/\",\"url\":\"https:\/\/celinesapinho.fr\/wp-content\/uploads\/2025\/07\/Logo-1.png\",\"contentUrl\":\"https:\/\/celinesapinho.fr\/wp-content\/uploads\/2025\/07\/Logo-1.png\",\"width\":2000,\"height\":1193,\"caption\":\"Celine Sapinho\"},\"image\":{\"@id\":\"https:\/\/celinesapinho.fr\/#\/schema\/logo\/image\/\"},\"sameAs\":[\"https:\/\/www.linkedin.com\/in\/celine-sapinho-09993313b\/\"]}]}<\/script>\n<!-- \/ Yoast SEO plugin. -->","yoast_head_json":{"title":"Plan de site : Consultante R\u00e9f\u00e9rencement Naturel (SEO)\uff5cCeline Sapinho","description":"Retrouvez en un clic toutes les pages principales de mon site web : services SEO, accompagnements, projets, contact et articles du blog SEO.","robots":{"index":"index","follow":"follow","max-snippet":"max-snippet:-1","max-image-preview":"max-image-preview:large","max-video-preview":"max-video-preview:-1"},"canonical":"https:\/\/celinesapinho.fr\/en\/plan-de-site\/","og_locale":"en_US","og_type":"article","og_title":"Plan de site : Consultante R\u00e9f\u00e9rencement Naturel (SEO)\uff5cCeline Sapinho","og_description":"Retrouvez en un clic toutes les pages principales de mon site web : services SEO, accompagnements, projets, contact et articles du blog SEO.","og_url":"https:\/\/celinesapinho.fr\/en\/plan-de-site\/","og_site_name":"Celine Sapinho","article_modified_time":"2025-11-04T13:13:24+00:00","og_image":[{"width":2000,"height":1193,"url":"https:\/\/celinesapinho.fr\/wp-content\/uploads\/2025\/07\/Logo_final.png","type":"image\/png"}],"twitter_card":"summary_large_image","twitter_misc":{"Est. reading time":"1 minute"},"schema":{"@context":"https:\/\/schema.org","@graph":[{"@type":"WebPage","@id":"https:\/\/celinesapinho.fr\/plan-de-site\/","url":"https:\/\/celinesapinho.fr\/plan-de-site\/","name":"Plan de site : Consultante R\u00e9f\u00e9rencement Naturel (SEO)\uff5cCeline Sapinho","isPartOf":{"@id":"https:\/\/celinesapinho.fr\/#website"},"datePublished":"2025-09-16T15:51:41+00:00","dateModified":"2025-11-04T13:13:24+00:00","description":"Retrouvez en un clic toutes les pages principales de mon site web : services SEO, accompagnements, projets, contact et articles du blog SEO.","breadcrumb":{"@id":"https:\/\/celinesapinho.fr\/plan-de-site\/#breadcrumb"},"inLanguage":"en-US","potentialAction":[{"@type":"ReadAction","target":["https:\/\/celinesapinho.fr\/plan-de-site\/"]}]},{"@type":"BreadcrumbList","@id":"https:\/\/celinesapinho.fr\/plan-de-site\/#breadcrumb","itemListElement":[{"@type":"ListItem","position":1,"name":"Accueil","item":"https:\/\/celinesapinho.fr\/"},{"@type":"ListItem","position":2,"name":"Plan de site"}]},{"@type":"WebSite","@id":"https:\/\/celinesapinho.fr\/#website","url":"https:\/\/celinesapinho.fr\/","name":"Celine Sapinho","description":"Consultante SEO freelance \u2013 Audit, accompagnement et visibilit\u00e9 web","publisher":{"@id":"https:\/\/celinesapinho.fr\/#organization"},"potentialAction":[{"@type":"SearchAction","target":{"@type":"EntryPoint","urlTemplate":"https:\/\/celinesapinho.fr\/?s={search_term_string}"},"query-input":{"@type":"PropertyValueSpecification","valueRequired":true,"valueName":"search_term_string"}}],"inLanguage":"en-US"},{"@type":"Organization","@id":"https:\/\/celinesapinho.fr\/#organization","name":"Celine Sapinho","url":"https:\/\/celinesapinho.fr\/","logo":{"@type":"ImageObject","inLanguage":"en-US","@id":"https:\/\/celinesapinho.fr\/#\/schema\/logo\/image\/","url":"https:\/\/celinesapinho.fr\/wp-content\/uploads\/2025\/07\/Logo-1.png","contentUrl":"https:\/\/celinesapinho.fr\/wp-content\/uploads\/2025\/07\/Logo-1.png","width":2000,"height":1193,"caption":"Celine Sapinho"},"image":{"@id":"https:\/\/celinesapinho.fr\/#\/schema\/logo\/image\/"},"sameAs":["https:\/\/www.linkedin.com\/in\/celine-sapinho-09993313b\/"]}]}},"_links":{"self":[{"href":"https:\/\/celinesapinho.fr\/en\/wp-json\/wp\/v2\/pages\/2362","targetHints":{"allow":["GET"]}}],"collection":[{"href":"https:\/\/celinesapinho.fr\/en\/wp-json\/wp\/v2\/pages"}],"about":[{"href":"https:\/\/celinesapinho.fr\/en\/wp-json\/wp\/v2\/types\/page"}],"author":[{"embeddable":true,"href":"https:\/\/celinesapinho.fr\/en\/wp-json\/wp\/v2\/users\/1"}],"replies":[{"embeddable":true,"href":"https:\/\/celinesapinho.fr\/en\/wp-json\/wp\/v2\/comments?post=2362"}],"version-history":[{"count":5,"href":"https:\/\/celinesapinho.fr\/en\/wp-json\/wp\/v2\/pages\/2362\/revisions"}],"predecessor-version":[{"id":2579,"href":"https:\/\/celinesapinho.fr\/en\/wp-json\/wp\/v2\/pages\/2362\/revisions\/2579"}],"wp:attachment":[{"href":"https:\/\/celinesapinho.fr\/en\/wp-json\/wp\/v2\/media?parent=2362"}],"curies":[{"name":"wp","href":"https:\/\/api.w.org\/{rel}","templated":true}]}}